{"id":9,"date":"2024-09-12T11:32:09","date_gmt":"2024-09-12T14:32:09","guid":{"rendered":"https:\/\/faculdades.uepb.edu.br\/falla\/?page_id=9"},"modified":"2024-11-05T09:16:02","modified_gmt":"2024-11-05T12:16:02","slug":"pagina-inicial","status":"publish","type":"page","link":"https:\/\/faculdades.uepb.edu.br\/falla\/","title":{"rendered":"P\u00e1gina Inicial"},"content":{"rendered":"<div class=\"wpb-content-wrapper\"><p>[vc_row][vc_column width=&#8221;2\/3&#8243;][vc_text_separator title=&#8221;\u00daltimas Not\u00edcias&#8221; i_icon_fontawesome=&#8221;fas fa-newspaper&#8221; i_color=&#8221;custom&#8221; title_align=&#8221;separator_align_left&#8221; css=&#8221;&#8221; add_icon=&#8221;true&#8221; i_custom_color=&#8221;#FF0000&#8243;]<div class=\"mdl-grid\"><div class=\"mdl-cell--6-col mdl-cell--6-col-tablet mdl-cell--12-col-phone bloco-noticias\"><div class=\"titulo-noticia-widget\"><a href=\"https:\/\/uepb.edu.br\/grupo-de-pesquisa-benditas-escritas-transgressoras-abre-inscricoes-para-fase-que-aborda-obra-de-teresa-davila\/\" target=\"_blank\"><h3 class=\"titulo-destaque-noticia\">Grupo de pesquisa Benditas Escritas Transgressoras abre inscri\u00e7\u00f5es para fase que aborda obra de Teresa d\u2019\u00c1vila<\/h3><\/a><\/div><div class=\"titulo-noticia-widget\"><a href=\"https:\/\/uepb.edu.br\/falla-divulga-edital-de-primeira-oferta-do-semestre-2026-1-para-o-exame-de-proficiencia-em-cinco-modalidades-de-linguas\/\" target=\"_blank\"><h3 class=\"titulo-destaque-noticia\">FALLA divulga edital de primeira oferta do semestre 2026.1 para o exame de profici\u00eancia em cinco modalidades de l\u00ednguas<\/h3><\/a><\/div><div class=\"titulo-noticia-widget\"><a href=\"https:\/\/uepb.edu.br\/falla-lanca-edital-de-processo-seletivo-com-vagas-para-estudantes-extensionistas-em-linguas-inglesa-e-espanhola\/\" target=\"_blank\"><h3 class=\"titulo-destaque-noticia\">FALLA lan\u00e7a edital de processo seletivo com vagas para estudantes extensionistas em l\u00ednguas Inglesa e Espanhola<\/h3><\/a><\/div><div class=\"titulo-noticia-widget\"><a href=\"https:\/\/uepb.edu.br\/divulgados-editais-para-estudantes-novatos-e-veteranos-do-programa-de-extensao-em-linguas-estrangeiras\/\" target=\"_blank\"><h3 class=\"titulo-destaque-noticia\">Divulgados editais para estudantes novatos e veteranos do Programa de Extens\u00e3o em L\u00ednguas Estrangeiras<\/h3><\/a><\/div><div class=\"titulo-noticia-widget\"><a href=\"https:\/\/uepb.edu.br\/proead-abre-processo-seletivo-de-docentes-para-atuacao-em-cursos-de-licenciatura-na-modalidade-a-distancia\/\" target=\"_blank\"><h3 class=\"titulo-destaque-noticia\">PROEAD abre processo seletivo de docentes para atua\u00e7\u00e3o em cursos de licenciatura na modalidade a dist\u00e2ncia<\/h3><\/a><\/div><\/div><div class=\"mdl-cell--6-col mdl-cell--6-col-tablet mdl-cell--12-col-phone bloco-noticias\"><div class=\"titulo-noticia-widget\"><a href=\"https:\/\/uepb.edu.br\/observatorio-de-critica-e-literaturas-menores-promove-encontro-com-foco-nas-diversas-vertentes-do-corpo\/\" target=\"_blank\"><h3 class=\"titulo-destaque-noticia\">Observat\u00f3rio de Cr\u00edtica e Literaturas Menores promove encontro com foco nas diversas vertentes do corpo<\/h3><\/a><\/div><div class=\"titulo-noticia-widget\"><a href=\"https:\/\/uepb.edu.br\/programa-de-pos-graduacao-em-literatura-e-interculturalidade-divulga-edital-de-selecao-para-mestrado-e-doutorado\/\" target=\"_blank\"><h3 class=\"titulo-destaque-noticia\">Programa de P\u00f3s-gradua\u00e7\u00e3o em Literatura e Interculturalidade divulga edital de sele\u00e7\u00e3o para mestrado e doutorado<\/h3><\/a><\/div><div class=\"titulo-noticia-widget\"><a href=\"https:\/\/uepb.edu.br\/campus-i-grupo-de-pesquisa-teosseno-participa-de-evento-promovido-pela-universidade-do-porto\/\" target=\"_blank\"><h3 class=\"titulo-destaque-noticia\">C\u00e2mpus I: grupo de pesquisa &#8220;TEOSSENO&#8221; participa de evento promovido pela Universidade do Porto<\/h3><\/a><\/div><div class=\"titulo-noticia-widget\"><a href=\"https:\/\/uepb.edu.br\/inscricoes-gratuitas-professora-da-uepb-oferece-oficina-de-tecnica-em-escrita-criativa-com-foco-em-poesia\/\" target=\"_blank\"><h3 class=\"titulo-destaque-noticia\">Inscri\u00e7\u00f5es gratuitas: Professora da UEPB oferece oficina de t\u00e9cnica em escrita criativa com foco em poesia<\/h3><\/a><\/div><div class=\"titulo-noticia-widget\"><a href=\"https:\/\/uepb.edu.br\/programa-de-pos-graduacao-em-formacao-de-professores-publica-edital-de-credenciamento-doce\/\" target=\"_blank\"><h3 class=\"titulo-destaque-noticia\">Programa de P\u00f3s-gradua\u00e7\u00e3o em Forma\u00e7\u00e3o de Professores publica edital de credenciamento docente<\/h3><\/a><\/div><\/div><\/div>[\/vc_column][vc_column width=&#8221;1\/3&#8243;][vc_text_separator title=&#8221;Acesso R\u00e1pido&#8221; i_icon_fontawesome=&#8221;fas fa-arrow-right&#8221; i_color=&#8221;custom&#8221; title_align=&#8221;separator_align_left&#8221; css=&#8221;&#8221; add_icon=&#8221;true&#8221; i_custom_color=&#8221;#FF0000&#8243;][vc_btn title=&#8221;LATTES&#8221; style=&#8221;classic&#8221; shape=&#8221;square&#8221; color=&#8221;danger&#8221; size=&#8221;lg&#8221; align=&#8221;left&#8221; css=&#8221;.vc_custom_1726230823024{margin-bottom: 10px !important;}&#8221; button_block=&#8221;true&#8221; link=&#8221;url:https%3A%2F%2Flattes.cnpq.br%2F|title:Lattes|target:_blank&#8221;][vc_btn title=&#8221;PRPGP&#8221; style=&#8221;classic&#8221; shape=&#8221;square&#8221; color=&#8221;turquoise&#8221; size=&#8221;lg&#8221; align=&#8221;left&#8221; css=&#8221;.vc_custom_1726230872904{margin-bottom: 10px !important;}&#8221; button_block=&#8221;true&#8221; link=&#8221;url:https%3A%2F%2Finterno.uepb.edu.br%2Fprpgp%2F|title:PRPGP|target:_blank&#8221;][vc_btn title=&#8221;Instagram&#8221; style=&#8221;classic&#8221; shape=&#8221;square&#8221; color=&#8221;warning&#8221; size=&#8221;lg&#8221; align=&#8221;left&#8221; css=&#8221;.vc_custom_1730808959955{margin-bottom: 10px !important;}&#8221; button_block=&#8221;true&#8221; link=&#8221;url:https%3A%2F%2Fwww.instagram.com%2Ffallauepb|title:Instagram|target:_blank&#8221;][\/vc_column][\/vc_row]<\/p>\n<\/div>","protected":false},"excerpt":{"rendered":"<p>[vc_row][vc_column width=&#8221;2\/3&#8243;][vc_text_separator title=&#8221;\u00daltimas Not\u00edcias&#8221; i_icon_fontawesome=&#8221;fas fa-newspaper&#8221; i_color=&#8221;custom&#8221; title_align=&#8221;separator_align_left&#8221; css=&#8221;&#8221; add_icon=&#8221;true&#8221; i_custom_color=&#8221;#FF0000&#8243;][\/vc_column][vc_column width=&#8221;1\/3&#8243;][vc_text_separator title=&#8221;Acesso R\u00e1pido&#8221; i_icon_fontawesome=&#8221;fas fa-arrow-right&#8221; i_color=&#8221;custom&#8221; title_align=&#8221;separator_align_left&#8221; css=&#8221;&#8221; add_icon=&#8221;true&#8221; i_custom_color=&#8221;#FF0000&#8243;][vc_btn title=&#8221;LATTES&#8221; style=&#8221;classic&#8221; shape=&#8221;square&#8221; color=&#8221;danger&#8221; size=&#8221;lg&#8221; align=&#8221;left&#8221; css=&#8221;.vc_custom_1726230823024{margin-bottom: 10px !important;}&#8221; button_block=&#8221;true&#8221; link=&#8221;url:https%3A%2F%2Flattes.cnpq.br%2F|title:Lattes|target:_blank&#8221;][vc_btn title=&#8221;PRPGP&#8221; style=&#8221;classic&#8221; shape=&#8221;square&#8221; color=&#8221;turquoise&#8221; size=&#8221;lg&#8221; align=&#8221;left&#8221; css=&#8221;.vc_custom_1726230872904{margin-bottom: 10px !important;}&#8221; button_block=&#8221;true&#8221; link=&#8221;url:https%3A%2F%2Finterno.uepb.edu.br%2Fprpgp%2F|title:PRPGP|target:_blank&#8221;][vc_btn title=&#8221;Instagram&#8221; style=&#8221;classic&#8221; shape=&#8221;square&#8221; color=&#8221;warning&#8221; size=&#8221;lg&#8221; align=&#8221;left&#8221; css=&#8221;.vc_custom_1730808959955{margin-bottom: 10px !important;}&#8221; button_block=&#8221;true&#8221; link=&#8221;url:https%3A%2F%2Fwww.instagram.com%2Ffallauepb|title:Instagram|target:_blank&#8221;][\/vc_column][\/vc_row]<\/p>\n","protected":false},"author":1,"featured_media":0,"parent":0,"menu_order":0,"comment_status":"closed","ping_status":"closed","template":"","meta":{"footnotes":""},"class_list":["post-9","page","type-page","status-publish","hentry"],"_links":{"self":[{"href":"https:\/\/faculdades.uepb.edu.br\/falla\/wp-json\/wp\/v2\/pages\/9","targetHints":{"allow":["GET"]}}],"collection":[{"href":"https:\/\/faculdades.uepb.edu.br\/falla\/wp-json\/wp\/v2\/pages"}],"about":[{"href":"https:\/\/faculdades.uepb.edu.br\/falla\/wp-json\/wp\/v2\/types\/page"}],"author":[{"embeddable":true,"href":"https:\/\/faculdades.uepb.edu.br\/falla\/wp-json\/wp\/v2\/users\/1"}],"replies":[{"embeddable":true,"href":"https:\/\/faculdades.uepb.edu.br\/falla\/wp-json\/wp\/v2\/comments?post=9"}],"version-history":[{"count":9,"href":"https:\/\/faculdades.uepb.edu.br\/falla\/wp-json\/wp\/v2\/pages\/9\/revisions"}],"predecessor-version":[{"id":115,"href":"https:\/\/faculdades.uepb.edu.br\/falla\/wp-json\/wp\/v2\/pages\/9\/revisions\/115"}],"wp:attachment":[{"href":"https:\/\/faculdades.uepb.edu.br\/falla\/wp-json\/wp\/v2\/media?parent=9"}],"curies":[{"name":"wp","href":"https:\/\/api.w.org\/{rel}","templated":true}]}}