{"id":71,"date":"2024-09-17T11:53:35","date_gmt":"2024-09-17T14:53:35","guid":{"rendered":"https:\/\/faculdades.uepb.edu.br\/falla\/?page_id=71"},"modified":"2024-12-06T12:05:15","modified_gmt":"2024-12-06T15:05:15","slug":"exame-de-proficiencia","status":"publish","type":"page","link":"https:\/\/faculdades.uepb.edu.br\/falla\/exame-de-proficiencia\/","title":{"rendered":"Exame de Profici\u00eancia"},"content":{"rendered":"<p align=\"justify\">O Exame de Profici\u00eancia em L\u00ednguas Estrangeiras destina-se a verificar a habilidade de leitura em l\u00ednguas estrangeiras com intuito de aferir a habilidade de leitura e compreens\u00e3o dos candidatos (as) em determinado idioma.<\/p>\n<p align=\"justify\">O Exame \u00e9 elaborado pela Comiss\u00e3o de Profici\u00eancia da FALLA, e aplicado por professores e t\u00e9cnicos lotados na Faculdade de Lingu\u00edstica, Letras e Artes, tendo por objetivo atender aos alunos dos Programas de P\u00f3s-Gradua\u00e7\u00e3o da Universidade Estadual da Para\u00edba, bem como professores e t\u00e9cnicos desta mesma institui\u00e7\u00e3o. N\u00e3o s\u00e3o aceitas inscri\u00e7\u00f5es de quaisquer pessoas que n\u00e3o possuam v\u00ednculo com a UEPB.<\/p>\n<p align=\"justify\">E-mail: <strong>proficiencias.falla@setor.uepb.edu.br<\/strong><\/p>\n<p align=\"justify\">\n","protected":false},"excerpt":{"rendered":"<p>O Exame de Profici\u00eancia em L\u00ednguas Estrangeiras destina-se a verificar a habilidade de leitura em l\u00ednguas estrangeiras com intuito de aferir a habilidade de leitura e compreens\u00e3o dos candidatos (as) em determinado idioma. O Exame \u00e9 elaborado pela Comiss\u00e3o de Profici\u00eancia da FALLA, e aplicado por professores e t\u00e9cnicos lotados na Faculdade de Lingu\u00edstica, Letras <a class=\"leiamais\" href=\"https:\/\/faculdades.uepb.edu.br\/falla\/exame-de-proficiencia\/\">Leia Mais&#8230;<\/a><\/p>\n","protected":false},"author":1,"featured_media":0,"parent":0,"menu_order":0,"comment_status":"closed","ping_status":"closed","template":"","meta":{"footnotes":""},"class_list":["post-71","page","type-page","status-publish","hentry"],"_links":{"self":[{"href":"https:\/\/faculdades.uepb.edu.br\/falla\/wp-json\/wp\/v2\/pages\/71","targetHints":{"allow":["GET"]}}],"collection":[{"href":"https:\/\/faculdades.uepb.edu.br\/falla\/wp-json\/wp\/v2\/pages"}],"about":[{"href":"https:\/\/faculdades.uepb.edu.br\/falla\/wp-json\/wp\/v2\/types\/page"}],"author":[{"embeddable":true,"href":"https:\/\/faculdades.uepb.edu.br\/falla\/wp-json\/wp\/v2\/users\/1"}],"replies":[{"embeddable":true,"href":"https:\/\/faculdades.uepb.edu.br\/falla\/wp-json\/wp\/v2\/comments?post=71"}],"version-history":[{"count":4,"href":"https:\/\/faculdades.uepb.edu.br\/falla\/wp-json\/wp\/v2\/pages\/71\/revisions"}],"predecessor-version":[{"id":141,"href":"https:\/\/faculdades.uepb.edu.br\/falla\/wp-json\/wp\/v2\/pages\/71\/revisions\/141"}],"wp:attachment":[{"href":"https:\/\/faculdades.uepb.edu.br\/falla\/wp-json\/wp\/v2\/media?parent=71"}],"curies":[{"name":"wp","href":"https:\/\/api.w.org\/{rel}","templated":true}]}}