{"id":52,"date":"2024-09-13T11:05:32","date_gmt":"2024-09-13T14:05:32","guid":{"rendered":"https:\/\/faculdades.uepb.edu.br\/falla\/?page_id=52"},"modified":"2024-09-17T11:51:23","modified_gmt":"2024-09-17T14:51:23","slug":"coordenacao-de-projetos","status":"publish","type":"page","link":"https:\/\/faculdades.uepb.edu.br\/falla\/coordenacao-de-projetos\/","title":{"rendered":"Coordena\u00e7\u00e3o de Projetos"},"content":{"rendered":"<p><span class=\"fontstyle0\"><strong>PIBID L\u00edngua Espanhola UEPB\/Fapesq<\/strong> &#8211; <\/span><span class=\"fontstyle2\">Coordenado pelo Prof\u00ba Dr. Alessandro Giordano.<\/span><\/p>\n<p><span class=\"fontstyle0\"><strong>Inicia\u00e7\u00e3o Cient\u00edfica\/Fapesq<\/strong> &#8211; <\/span><span class=\"fontstyle2\">Coordenado pelo Prof\u00ba Dr. F\u00e1bio Marques de Souza. <\/span><\/p>\n<p><span class=\"fontstyle0\"><strong>PIBIC\/ CNPq<\/strong> &#8211; <\/span><span class=\"fontstyle2\">Coordenado pelo Prof\u00aa &#8211; Dra. Iaranda Jurema Ferreira Barbosa. <\/span><\/p>\n<p><span class=\"fontstyle0\"><strong>PIBIC\/CAPES<\/strong> &#8211; <\/span><span class=\"fontstyle2\">Coordenado pelo Prof\u00ba Dr. Jos\u00e9 Dantas da Silva J\u00fanior.<\/span><\/p>\n","protected":false},"excerpt":{"rendered":"<p>PIBID L\u00edngua Espanhola UEPB\/Fapesq &#8211; Coordenado pelo Prof\u00ba Dr. Alessandro Giordano. Inicia\u00e7\u00e3o Cient\u00edfica\/Fapesq &#8211; Coordenado pelo Prof\u00ba Dr. F\u00e1bio Marques de Souza. PIBIC\/ CNPq &#8211; Coordenado pelo Prof\u00aa &#8211; Dra. Iaranda Jurema Ferreira Barbosa. PIBIC\/CAPES &#8211; Coordenado pelo Prof\u00ba Dr. Jos\u00e9 Dantas da Silva J\u00fanior.<\/p>\n","protected":false},"author":1,"featured_media":0,"parent":0,"menu_order":0,"comment_status":"closed","ping_status":"closed","template":"","meta":{"footnotes":""},"class_list":["post-52","page","type-page","status-publish","hentry"],"_links":{"self":[{"href":"https:\/\/faculdades.uepb.edu.br\/falla\/wp-json\/wp\/v2\/pages\/52","targetHints":{"allow":["GET"]}}],"collection":[{"href":"https:\/\/faculdades.uepb.edu.br\/falla\/wp-json\/wp\/v2\/pages"}],"about":[{"href":"https:\/\/faculdades.uepb.edu.br\/falla\/wp-json\/wp\/v2\/types\/page"}],"author":[{"embeddable":true,"href":"https:\/\/faculdades.uepb.edu.br\/falla\/wp-json\/wp\/v2\/users\/1"}],"replies":[{"embeddable":true,"href":"https:\/\/faculdades.uepb.edu.br\/falla\/wp-json\/wp\/v2\/comments?post=52"}],"version-history":[{"count":2,"href":"https:\/\/faculdades.uepb.edu.br\/falla\/wp-json\/wp\/v2\/pages\/52\/revisions"}],"predecessor-version":[{"id":69,"href":"https:\/\/faculdades.uepb.edu.br\/falla\/wp-json\/wp\/v2\/pages\/52\/revisions\/69"}],"wp:attachment":[{"href":"https:\/\/faculdades.uepb.edu.br\/falla\/wp-json\/wp\/v2\/media?parent=52"}],"curies":[{"name":"wp","href":"https:\/\/api.w.org\/{rel}","templated":true}]}}