{"id":48,"date":"2024-09-13T11:05:07","date_gmt":"2024-09-13T14:05:07","guid":{"rendered":"https:\/\/faculdades.uepb.edu.br\/falla\/?page_id=48"},"modified":"2024-09-17T11:48:59","modified_gmt":"2024-09-17T14:48:59","slug":"grupos-de-pesquisa","status":"publish","type":"page","link":"https:\/\/faculdades.uepb.edu.br\/falla\/grupos-de-pesquisa\/","title":{"rendered":"Grupos de Pesquisa"},"content":{"rendered":"<p><span class=\"fontstyle0\"><strong>Forma\u00e7\u00e3o Docente em L\u00ednguas Estrangeiras (LE)<\/strong> &#8211; <\/span><span class=\"fontstyle2\">Coordenado pela Prof\u00aa Dra. Daniela Gomes de Ara\u00fajo N\u00f3brega.<\/span><\/p>\n<p><span class=\"fontstyle0\"><strong>N\u00facleo de Forma\u00e7\u00e3o de Professor<\/strong> <\/span><span class=\"fontstyle2\">&#8211; <\/span><span class=\"fontstyle2\">Coordenado pela Prof\u00aa Dra. <\/span><span class=\"fontstyle2\">Gilda Carneiro Neves Ribeiro.<\/span><\/p>\n<p><span class=\"fontstyle0\"><strong>N\u00facleo de Dramaturgia<\/strong> &#8211; <\/span><span class=\"fontstyle2\">Coordenado pelo Prof\u00ba Dr. <\/span><span class=\"fontstyle2\">Diogenes Andre Vieira Maciel. <\/span><span class=\"fontstyle0\">Teorias do sentido: discursos e significa\u00e7\u00f5es (TEOSSENO-CNPq-UEPB) &#8211; <\/span><span class=\"fontstyle2\">Coordenado pelo Prof\u00ba Dr. Linduarte Pereira Rodrigues.<\/span><\/p>\n<p><span class=\"fontstyle0\"><strong>Observat\u00f3rio de Cr\u00edtica Liter\u00e1ria e Literaturas menores<\/strong> &#8211; <\/span><span class=\"fontstyle2\">Coordenado pelo Prof\u00ba Dr. Luciano Barbosa Justino.<\/span><\/p>\n<p><strong><span class=\"fontstyle0\">Grupo de Pesquisa de Estudos da Oralidade <\/span><\/strong><span class=\"fontstyle0\">&#8211; <\/span><span class=\"fontstyle2\">Coordenado pelo Prof\u00ba Dr. Marcelo Vieira da N\u00f3brega.<\/span><\/p>\n<p><span class=\"fontstyle0\"><strong>Linguagem, Intera\u00e7\u00e3o, G\u00eaneros textuais e ou Discursivos<\/strong> &#8211; <\/span><span class=\"fontstyle2\">Coordenado pela Prof\u00aa Dr.. Simone D\u00e1lia de Gusm\u00e3o Aranha.<\/span><\/p>\n<p><strong><span class=\"fontstyle0\">N\u00facleo de Estudos de Filosofia, Teologia e Literatura <\/span><\/strong><span class=\"fontstyle2\">&#8211; <\/span><span class=\"fontstyle2\">Coordenado pelo prof\u00ba Dr. Eli Brand\u00e3o.<\/span><\/p>\n<p><strong><span class=\"fontstyle0\">N\u00facleo de Literatura e Linguagem<\/span><span class=\"fontstyle2\">.<\/span>\u00a0<\/strong><\/p>\n","protected":false},"excerpt":{"rendered":"<p>Forma\u00e7\u00e3o Docente em L\u00ednguas Estrangeiras (LE) &#8211; Coordenado pela Prof\u00aa Dra. Daniela Gomes de Ara\u00fajo N\u00f3brega. N\u00facleo de Forma\u00e7\u00e3o de Professor &#8211; Coordenado pela Prof\u00aa Dra. Gilda Carneiro Neves Ribeiro. N\u00facleo de Dramaturgia &#8211; Coordenado pelo Prof\u00ba Dr. Diogenes Andre Vieira Maciel. Teorias do sentido: discursos e significa\u00e7\u00f5es (TEOSSENO-CNPq-UEPB) &#8211; Coordenado pelo Prof\u00ba Dr. Linduarte <a class=\"leiamais\" href=\"https:\/\/faculdades.uepb.edu.br\/falla\/grupos-de-pesquisa\/\">Leia Mais&#8230;<\/a><\/p>\n","protected":false},"author":1,"featured_media":0,"parent":0,"menu_order":0,"comment_status":"closed","ping_status":"closed","template":"","meta":{"footnotes":""},"class_list":["post-48","page","type-page","status-publish","hentry"],"_links":{"self":[{"href":"https:\/\/faculdades.uepb.edu.br\/falla\/wp-json\/wp\/v2\/pages\/48","targetHints":{"allow":["GET"]}}],"collection":[{"href":"https:\/\/faculdades.uepb.edu.br\/falla\/wp-json\/wp\/v2\/pages"}],"about":[{"href":"https:\/\/faculdades.uepb.edu.br\/falla\/wp-json\/wp\/v2\/types\/page"}],"author":[{"embeddable":true,"href":"https:\/\/faculdades.uepb.edu.br\/falla\/wp-json\/wp\/v2\/users\/1"}],"replies":[{"embeddable":true,"href":"https:\/\/faculdades.uepb.edu.br\/falla\/wp-json\/wp\/v2\/comments?post=48"}],"version-history":[{"count":3,"href":"https:\/\/faculdades.uepb.edu.br\/falla\/wp-json\/wp\/v2\/pages\/48\/revisions"}],"predecessor-version":[{"id":65,"href":"https:\/\/faculdades.uepb.edu.br\/falla\/wp-json\/wp\/v2\/pages\/48\/revisions\/65"}],"wp:attachment":[{"href":"https:\/\/faculdades.uepb.edu.br\/falla\/wp-json\/wp\/v2\/media?parent=48"}],"curies":[{"name":"wp","href":"https:\/\/api.w.org\/{rel}","templated":true}]}}