{"id":46,"date":"2024-09-13T11:04:57","date_gmt":"2024-09-13T14:04:57","guid":{"rendered":"https:\/\/faculdades.uepb.edu.br\/falla\/?page_id=46"},"modified":"2024-12-06T12:08:22","modified_gmt":"2024-12-06T15:08:22","slug":"extensao","status":"publish","type":"page","link":"https:\/\/faculdades.uepb.edu.br\/falla\/extensao\/","title":{"rendered":"Extens\u00e3o"},"content":{"rendered":"<p>INSTITUCIONAIS<\/p>\n<p><span class=\"fontstyle0\"><strong>Projeto de Extens\u00e3o em L\u00ednguas Estrangeiras ( Ingl\u00eas e Espanhol)<\/strong> &#8211; <\/span><span class=\"fontstyle2\">Coordenado pela Prof\u00aa Dra. Daniela Gomes de Ara\u00fajo N\u00f3brega. Email: <strong>extensao.falla@setor.uepb.edu.br<\/strong><\/span><\/p>\n<p><strong><span class=\"fontstyle0\">Nas Asas da Leitura <\/span><\/strong><span class=\"fontstyle2\">&#8211; Coordenado pela Prof\u00aa Ana L\u00facia Maria de Souza Neves.<\/span><\/p>\n<p>&nbsp;<\/p>\n<p>PROJETOS DE EXTENS\u00c3O<\/p>\n<p><span class=\"fontstyle0\"><strong>Oficina de Cria\u00e7\u00e3o Liter\u00e1ria<\/strong> &#8211; <\/span><span class=\"fontstyle2\">Coordenado pela Prof\u00ba Dr. Anac\u00e3 Rupert Moreira Cruz e Costa Agra.<\/span><\/p>\n<p><span class=\"fontstyle2\"><strong>N\u00facleo de Ensino de L\u00edngua Espanhola e Literaturas Hisp\u00e2nicas<\/strong> &#8211; Coordenado pela Prof\u00aa Dra.Cristina Bongestab.<\/span><\/p>\n<p><span class=\"fontstyle0\"><strong>Projeto de Extens\u00e3o: Aprendizagem de L\u00edngua Espanhola atrav\u00e9s de filmes<\/strong> &#8211; <\/span><span class=\"fontstyle2\">Coordenado pela Prof\u00aa Dra. <\/span><span class=\"fontstyle2\">Gilda Carneiro Neves Ribeiro.<\/span><\/p>\n<p><strong><span class=\"fontstyle0\">Projeto de Extens\u00e3o: Discursividades <\/span><\/strong><span class=\"fontstyle2\"><strong>que consiste na edi\u00e7\u00e3o e publica\u00e7\u00e3o de revista acad\u00eamica<\/strong> &#8211; Coordenado pelo Prof\u00ba Dr. <\/span><span class=\"fontstyle2\">Jos\u00e9 Josemir Domingos da Silva.<\/span><\/p>\n<p><strong><span class=\"fontstyle0\">Laborat\u00f3rio de L\u00ednguas: Extens\u00e3o em Libras, Espanhol, Italiano e Franc\u00eas <\/span><\/strong><span class=\"fontstyle2\">Coordenado pela Prof\u00aa Me. Luciene de Almeida Santos.<\/span><\/p>\n<p><span class=\"fontstyle0\"><strong>Projeto de Extens\u00e3o: Leituras Antirracistas para Crian\u00e7as Quilombolas<\/strong> &#8211; <\/span><span class=\"fontstyle2\">Coordenado pela Prof\u00aa Dra. Roberta Rosa Portugal.<\/span><\/p>\n<p><span class=\"fontstyle0\"><strong>Projeto de Extens\u00e3o: Portugu\u00eas Instrumental para Alunos Universit\u00e1rios e Pr\u00e9-universit\u00e1rios<\/strong> &#8211; <\/span><span class=\"fontstyle2\">Coordenado pela Prof\u00aa Dra. Tatiana Fernandes Sant\u00b4ana.<\/span><\/p>\n<p><strong><span class=\"fontstyle0\">Projeto de Extens\u00e3o: Curso de Aprimoramento em Habilidades Comunicativas para Estudantes Iniciantes do Curso de Letras Ingl\u00eas. <\/span><\/strong><span class=\"fontstyle2\">&#8211; Coordenado pelo Prof\u00ba Me. Thiago Rodrigo de Almeida Cunha.<\/span><\/p>\n","protected":false},"excerpt":{"rendered":"<p>INSTITUCIONAIS Projeto de Extens\u00e3o em L\u00ednguas Estrangeiras ( Ingl\u00eas e Espanhol) &#8211; Coordenado pela Prof\u00aa Dra. Daniela Gomes de Ara\u00fajo N\u00f3brega. Email: extensao.falla@setor.uepb.edu.br Nas Asas da Leitura &#8211; Coordenado pela Prof\u00aa Ana L\u00facia Maria de Souza Neves. &nbsp; PROJETOS DE EXTENS\u00c3O Oficina de Cria\u00e7\u00e3o Liter\u00e1ria &#8211; Coordenado pela Prof\u00ba Dr. Anac\u00e3 Rupert Moreira Cruz e <a class=\"leiamais\" href=\"https:\/\/faculdades.uepb.edu.br\/falla\/extensao\/\">Leia Mais&#8230;<\/a><\/p>\n","protected":false},"author":1,"featured_media":0,"parent":0,"menu_order":0,"comment_status":"closed","ping_status":"closed","template":"","meta":{"footnotes":""},"class_list":["post-46","page","type-page","status-publish","hentry"],"_links":{"self":[{"href":"https:\/\/faculdades.uepb.edu.br\/falla\/wp-json\/wp\/v2\/pages\/46","targetHints":{"allow":["GET"]}}],"collection":[{"href":"https:\/\/faculdades.uepb.edu.br\/falla\/wp-json\/wp\/v2\/pages"}],"about":[{"href":"https:\/\/faculdades.uepb.edu.br\/falla\/wp-json\/wp\/v2\/types\/page"}],"author":[{"embeddable":true,"href":"https:\/\/faculdades.uepb.edu.br\/falla\/wp-json\/wp\/v2\/users\/1"}],"replies":[{"embeddable":true,"href":"https:\/\/faculdades.uepb.edu.br\/falla\/wp-json\/wp\/v2\/comments?post=46"}],"version-history":[{"count":5,"href":"https:\/\/faculdades.uepb.edu.br\/falla\/wp-json\/wp\/v2\/pages\/46\/revisions"}],"predecessor-version":[{"id":144,"href":"https:\/\/faculdades.uepb.edu.br\/falla\/wp-json\/wp\/v2\/pages\/46\/revisions\/144"}],"wp:attachment":[{"href":"https:\/\/faculdades.uepb.edu.br\/falla\/wp-json\/wp\/v2\/media?parent=46"}],"curies":[{"name":"wp","href":"https:\/\/api.w.org\/{rel}","templated":true}]}}