{"id":24,"date":"2024-09-12T11:33:24","date_gmt":"2024-09-12T14:33:24","guid":{"rendered":"https:\/\/faculdades.uepb.edu.br\/falla\/?page_id=24"},"modified":"2024-11-05T09:14:44","modified_gmt":"2024-11-05T12:14:44","slug":"contato","status":"publish","type":"page","link":"https:\/\/faculdades.uepb.edu.br\/falla\/contato\/","title":{"rendered":"Contato"},"content":{"rendered":"<div class=\"wpb-content-wrapper\"><p>[vc_row][vc_column][vc_column_text css=&#8221;&#8221;]Siga nosso Instagram e visite o site da FALLA para estar sempre informado dos servi\u00e7os que oferecemos \u00e0 comunidade acad\u00eamica e extra muros: Extens\u00e3o e Profici\u00eancia.[\/vc_column_text][vc_row_inner equal_height=&#8221;yes&#8221; gap=&#8221;20&#8243;][vc_column_inner width=&#8221;1\/3&#8243; css=&#8221;.vc_custom_1730808866565{margin-top: 10px !important;margin-right: 10px !important;margin-bottom: 10px !important;margin-left: 10px !important;border-top-width: 2px !important;border-right-width: 2px !important;border-bottom-width: 2px !important;border-left-width: 2px !important;padding-top: 20px !important;padding-right: 20px !important;padding-bottom: 20px !important;padding-left: 20px !important;background-color: #EEEEEE !important;border-left-style: s\u00f3lido !important;border-right-style: s\u00f3lido !important;border-top-style: s\u00f3lido !important;border-bottom-style: s\u00f3lido !important;border-color: #AAAAAA !important;}&#8221;][vc_icon icon_fontawesome=&#8221;fab fa-instagram&#8221; color=&#8221;sandy_brown&#8221; size=&#8221;xl&#8221; align=&#8221;center&#8221; css=&#8221;.vc_custom_1730807645557{margin-top: 20px !important;margin-bottom: 20px !important;}&#8221; link=&#8221;url:https%3A%2F%2Fwww.instagram.com%2Ffallauepb|target:_blank&#8221;][vc_column_text css=&#8221;&#8221;]<\/p>\n<h3 style=\"text-align: center;\"><a href=\"https:\/\/www.instagram.com\/fallauepb\">Nosso Instagram: @fallauepb<\/a><\/h3>\n<p>[\/vc_column_text][\/vc_column_inner][vc_column_inner width=&#8221;1\/3&#8243; css=&#8221;.vc_custom_1730808873948{margin-top: 10px !important;margin-right: 10px !important;margin-bottom: 10px !important;margin-left: 10px !important;border-top-width: 2px !important;border-right-width: 2px !important;border-bottom-width: 2px !important;border-left-width: 2px !important;padding-top: 20px !important;padding-right: 20px !important;padding-bottom: 20px !important;padding-left: 20px !important;background-color: #EEEEEE !important;border-left-style: s\u00f3lido !important;border-right-style: s\u00f3lido !important;border-top-style: s\u00f3lido !important;border-bottom-style: s\u00f3lido !important;border-color: #AAAAAA !important;}&#8221;][vc_icon icon_fontawesome=&#8221;fab fa-whatsapp&#8221; color=&#8221;vista_blue&#8221; size=&#8221;xl&#8221; align=&#8221;center&#8221; css=&#8221;.vc_custom_1730808579913{margin-top: 20px !important;margin-bottom: 20px !important;}&#8221; link=&#8221;url:https%3A%2F%2Fwww.instagram.com%2Ffallauepb|target:_blank&#8221;][vc_column_text css=&#8221;&#8221;]<\/p>\n<h3 style=\"text-align: center;\"><a href=\"https:\/\/api.whatsapp.com\/send\/?phone=558333445320&amp;text&amp;type=phone_number&amp;app_absent=0\"><strong>Whatsapp \/ Telefone: (83) 3344-5320<\/strong><\/a><\/h3>\n<p>[\/vc_column_text][\/vc_column_inner][vc_column_inner width=&#8221;1\/3&#8243; css=&#8221;.vc_custom_1730808882565{margin-top: 10px !important;margin-right: 10px !important;margin-bottom: 10px !important;margin-left: 10px !important;border-top-width: 2px !important;border-right-width: 2px !important;border-bottom-width: 2px !important;border-left-width: 2px !important;padding-top: 20px !important;padding-right: 20px !important;padding-bottom: 20px !important;padding-left: 20px !important;background-color: #EEEEEE !important;border-left-style: s\u00f3lido !important;border-right-style: s\u00f3lido !important;border-top-style: s\u00f3lido !important;border-bottom-style: s\u00f3lido !important;border-color: #AAAAAA !important;}&#8221;][vc_icon icon_fontawesome=&#8221;far fa-envelope&#8221; color=&#8221;juicy_pink&#8221; size=&#8221;xl&#8221; align=&#8221;center&#8221; css=&#8221;.vc_custom_1730808742137{margin-top: 20px !important;margin-bottom: 20px !important;}&#8221; link=&#8221;url:https%3A%2F%2Fwww.instagram.com%2Ffallauepb|target:_blank&#8221;][vc_column_text css=&#8221;&#8221;]<\/p>\n<h3 style=\"text-align: center;\"><a href=\"mailto:falla@setor.uepb.edu.br\">Nosso E-mail: <span class=\"C9DxTc aw5Odc \">f<\/span><span class=\"C9DxTc aw5Odc \">alla@setor.uepb.edu.br<\/span><\/a><\/h3>\n<p>[\/vc_column_text][\/vc_column_inner][\/vc_row_inner][\/vc_column][\/vc_row]<\/p>\n<\/div>","protected":false},"excerpt":{"rendered":"<p>[vc_row][vc_column][vc_column_text css=&#8221;&#8221;]Siga nosso Instagram e visite o site da FALLA para estar sempre informado dos servi\u00e7os que oferecemos \u00e0 comunidade acad\u00eamica e extra muros: Extens\u00e3o e Profici\u00eancia.[\/vc_column_text][vc_row_inner equal_height=&#8221;yes&#8221; gap=&#8221;20&#8243;][vc_column_inner width=&#8221;1\/3&#8243; css=&#8221;.vc_custom_1730808866565{margin-top: 10px !important;margin-right: 10px !important;margin-bottom: 10px !important;margin-left: 10px !important;border-top-width: 2px !important;border-right-width: 2px !important;border-bottom-width: 2px !important;border-left-width: 2px !important;padding-top: 20px !important;padding-right: 20px !important;padding-bottom: 20px !important;padding-left: 20px !important;background-color: <a class=\"leiamais\" href=\"https:\/\/faculdades.uepb.edu.br\/falla\/contato\/\">Leia Mais&#8230;<\/a><\/p>\n","protected":false},"author":1,"featured_media":0,"parent":0,"menu_order":0,"comment_status":"closed","ping_status":"closed","template":"","meta":{"footnotes":""},"class_list":["post-24","page","type-page","status-publish","hentry"],"_links":{"self":[{"href":"https:\/\/faculdades.uepb.edu.br\/falla\/wp-json\/wp\/v2\/pages\/24","targetHints":{"allow":["GET"]}}],"collection":[{"href":"https:\/\/faculdades.uepb.edu.br\/falla\/wp-json\/wp\/v2\/pages"}],"about":[{"href":"https:\/\/faculdades.uepb.edu.br\/falla\/wp-json\/wp\/v2\/types\/page"}],"author":[{"embeddable":true,"href":"https:\/\/faculdades.uepb.edu.br\/falla\/wp-json\/wp\/v2\/users\/1"}],"replies":[{"embeddable":true,"href":"https:\/\/faculdades.uepb.edu.br\/falla\/wp-json\/wp\/v2\/comments?post=24"}],"version-history":[{"count":22,"href":"https:\/\/faculdades.uepb.edu.br\/falla\/wp-json\/wp\/v2\/pages\/24\/revisions"}],"predecessor-version":[{"id":113,"href":"https:\/\/faculdades.uepb.edu.br\/falla\/wp-json\/wp\/v2\/pages\/24\/revisions\/113"}],"wp:attachment":[{"href":"https:\/\/faculdades.uepb.edu.br\/falla\/wp-json\/wp\/v2\/media?parent=24"}],"curies":[{"name":"wp","href":"https:\/\/api.w.org\/{rel}","templated":true}]}}