{"id":17,"date":"2024-09-12T11:32:47","date_gmt":"2024-09-12T14:32:47","guid":{"rendered":"https:\/\/faculdades.uepb.edu.br\/falla\/?page_id=17"},"modified":"2024-12-06T11:54:05","modified_gmt":"2024-12-06T14:54:05","slug":"graduacao","status":"publish","type":"page","link":"https:\/\/faculdades.uepb.edu.br\/falla\/graduacao\/","title":{"rendered":"Gradua\u00e7\u00e3o"},"content":{"rendered":"<div class=\"wpb-content-wrapper\"><p>[vc_row][vc_column][vc_tta_tour][vc_tta_section title=&#8221;Curso Letras\/Espanhol&#8221; tab_id=&#8221;1731070474474-d9871b6b-d8f8&#8243;][vc_column_text css=&#8221;&#8221;]<\/p>\n<p align=\"justify\">O curso de Letras\/ Espanhol- CLE, vinculado \u00e0 Faculdade de Lingu\u00edstica, Letras e Artes (FALLA) da Universidade Estadual da Para\u00edba (Campus I\u2013 Campina Grande) \u00e9 ofertado nos turnos Integral e Noturno com dura\u00e7\u00e3o entre 4 a 5 anos com turmas iniciais de 40 alunos por turno, \u00e9 projetado para formar professores, revisores de textos, tradutores e profissionais qualificados nas \u00e1reas de l\u00edngua e culturas liter\u00e1rias hisp\u00e2nicas. O curso prioriza a constru\u00e7\u00e3o de compet\u00eancias lingu\u00edsticas, liter\u00e1rias, culturais e pedag\u00f3gicas, preparando os futuros profissionais de Letras\/Espanhol a atuarem de forma cr\u00edtica e consciente, com base em teorias e pr\u00e1ticas atualizadas. Al\u00e9m disso, o curso tamb\u00e9m os prepara para os desafios do ensino de espanhol no Brasil, considerando a legisla\u00e7\u00e3o e as pol\u00edticas lingu\u00edsticas que impactam essa \u00e1rea. Essa forma\u00e7\u00e3o visa desenvolver educadores prontos para atuar com excel\u00eancia na educa\u00e7\u00e3o b\u00e1sica e superior, al\u00e9m de incentivar a pesquisa acad\u00eamica em uma perspectiva cr\u00edtica e engajada com a expans\u00e3o do espanhol no cen\u00e1rio educacional nacional, regional e local.<\/p>\n<p align=\"justify\">Na qualidade de graduandos de Letras\/Espanhol, os discentes podem atuar em Grupos de Pesquisa, Inicia\u00e7\u00e3o Cient\u00edfica, Inicia\u00e7\u00e3o a Doc\u00eancia, monitores de Projetos de Extens\u00e3o e Monitoria Acad\u00eamica.<\/p>\n<p align=\"justify\"><strong>Contato telefone e whatsapp Letras\/Espanhol:<\/strong> (83)3344-5302<br \/>\n<strong>Contato Instagram:<\/strong> <a href=\"https:\/\/instagram.com\/uepb.letrasespanhol\">@uepb.letrasespanhol<\/a><br \/>\n<strong>E-mail:<\/strong> coord.letrasespanhol.falla@setor.uepb.edu.br<\/p>\n<p>[\/vc_column_text][\/vc_tta_section][vc_tta_section title=&#8221;Curso Letras\/Ingl\u00eas&#8221; tab_id=&#8221;1731070612919-91ae463c-4b95&#8243;][vc_column_text css=&#8221;&#8221;]<\/p>\n<p align=\"justify\">Integrado a FALLA- UEPB CAMPUS I, o Curso de Letras\/ Ingl\u00eas (CLI), oferece uma forma\u00e7\u00e3o abrangente para futuros professores, tradutores, revisores e especialistas em l\u00edngua inglesa. O CLI prepara seus\/suas alunos(as) para o ensino e a pesquisa, com \u00eanfase tanto na l\u00edngua inglesa e suas literaturas, quanto nas metodologias pedag\u00f3gicas mais atuais, desenvolvendo compet\u00eancias que v\u00e3o al\u00e9m do dom\u00ednio do idioma. Oferecido nos turnos integral (manh\u00e3 e tarde) e noturno, com dura\u00e7\u00e3o de 04 anos no integral e 05 anos no noturno, e 40 vagas por turno, al\u00e9m das compet\u00eancias lingu\u00edsticas (fala, leitura, escrita e compreens\u00e3o oral), o CLI promove o desenvolvimento de habilidades de planejamento e resolu\u00e7\u00e3o de problemas educacionais, formando profissionais capazes de criar e implementar cursos e aulas, bem como enfrentar desafios pedag\u00f3gicos com criatividade e efici\u00eancia.<\/p>\n<p align=\"justify\">Os(as) alunos(as) do CLI s\u00e3o preparados para atuar em diversas \u00e1reas, como o magist\u00e9rio (nos n\u00edveis fundamental e m\u00e9dio), o ensino de ingl\u00eas instrumental e o trabalho em escolas de idiomas. Tamb\u00e9m est\u00e3o capacitados para produzir textos acad\u00eamicos e profissionais, traduzir e adaptar conte\u00fados entre portugu\u00eas e ingl\u00eas, bem como desenvolver atividades de reda\u00e7\u00e3o e editora\u00e7\u00e3o em m\u00eddias tradicionais e digitais. Sua forma\u00e7\u00e3o ainda os(as) qualifica para oferecer assessoria lingu\u00edstica a empresas, incluindo servi\u00e7os de orat\u00f3ria, reda\u00e7\u00e3o t\u00e9cnica e revis\u00e3o textual. Al\u00e9m do ensino em sala de aula, os estudantes do CLI t\u00eam a oportunidade de participar de projetos de extens\u00e3o, grupos de pesquisa, programas de monitoria, de inicia\u00e7\u00e3o cient\u00edfica e de inicia\u00e7\u00e3o \u00e0 doc\u00eancia, dentre outros, refor\u00e7ando a integra\u00e7\u00e3o entre teoria e pr\u00e1tica. O curso valoriza o desenvolvimento cont\u00ednuo, preparando profissionais para os desafios da educa\u00e7\u00e3o contempor\u00e2nea e para uma carreira rica e diversificada no campo das Letras.<\/p>\n<p align=\"justify\"><strong>Contato telefone e whatsapp Letras\/Ingl\u00eas:<\/strong> (83)3344-5302<br \/>\n<strong>P\u00e1gina do Curso de Ingl\u00eas<\/strong>: <a href=\"https:\/\/coordletrasinglesu.wixsite.com\/ingles\">https:\/\/coordletrasinglesu.wixsite.com\/ingles<\/a><br \/>\n<strong>E-mail:<\/strong> coord.letrasingles.falla@setor.uepb.edu.br<\/p>\n<p>[\/vc_column_text][\/vc_tta_section][vc_tta_section title=&#8221;Curso Letras\/Portugu\u00eas&#8221; tab_id=&#8221;1731070807578-8303a7ad-e0a0&#8243;][vc_column_text css=&#8221;&#8221;]<\/p>\n<p align=\"justify\">O curso de Letras Portugu\u00eas (CLP), integrado \u00e0 Faculdade de Lingu\u00edstica, Letras e Artes (FALLA) da Universidade Estadual da Para\u00edba (Campus I\u2013 Campina Grande), oferece ao formando a oportunidade para o desenvolvimento das habilidades necess\u00e1rias para atingir a compet\u00eancia desejada no desempenho profissional docente nas \u00e1reas de l\u00edngua portuguesa, lingu\u00edstica e literatura. Para tanto, possui alguns princ\u00edpios norteadores fundamentais no campo do ensino\/aprendizagem: (1) a compreens\u00e3o dos fatos da linguagem nos planos escrito, oral e multimodal, numa perspectiva ampla que contemple as mais recentes pesquisas no campo das linguagens, sem esquecer os modelos cl\u00e1ssicos que lhes deram origem; (2) a compet\u00eancia para aplicar esses conhecimentos a problemas de ensino\/aprendizagem, por meio da reflex\u00e3o cr\u00edtica sobre o texto e o discurso, em suas diversas modalidades. Al\u00e9m disso, promove a articula\u00e7\u00e3o constante entre ensino, pesquisa e extens\u00e3o, buscando propiciar ao formando uma articula\u00e7\u00e3o entre as diversas \u00e1reas de conhecimentos, abrangendo todas as atividades acad\u00eamicas que integralizam o curso. Por fim, propicia tamb\u00e9m a busca pela compet\u00eancia intelectual, quanto ao dom\u00ednio de um repert\u00f3rio lingu\u00edstico, metalingu\u00edstico e liter\u00e1rio capaz de torn\u00e1-lo apto a desenvolver as fun\u00e7\u00f5es de professor e pesquisador, vinculando tais conhecimentos \u00e0 perspectiva de uma p\u00f3s-gradua\u00e7\u00e3o.<\/p>\n<p align=\"justify\">O curso de Letras\/Portugu\u00eas \u00e9 ofertado nos turnos Integral, com dura\u00e7\u00e3o de 04 anos(quatro) e no Noturno com dura\u00e7\u00e3o de 5 (cinco) anos com turmas de 40 alunos por turno.<\/p>\n<p align=\"justify\"><strong>Contato telefone e whatsapp Letras\/Portugu\u00eas:<\/strong> (83)3344-5322<br \/>\n<strong>Instagram:<\/strong> <a href=\"https:\/\/instagram.com\/letrasportuguesuepb\">@letrasportuguesuepb<\/a><br \/>\n<strong>E-mail:<\/strong> coord.letrasportugues.falla@setor.uepb.edu.br<\/p>\n<p>[\/vc_column_text][\/vc_tta_section][\/vc_tta_tour][\/vc_column][\/vc_row]<\/p>\n<\/div>","protected":false},"excerpt":{"rendered":"<p>[vc_row][vc_column][vc_tta_tour][vc_tta_section title=&#8221;Curso Letras\/Espanhol&#8221; tab_id=&#8221;1731070474474-d9871b6b-d8f8&#8243;][vc_column_text css=&#8221;&#8221;] O curso de Letras\/ Espanhol- CLE, vinculado \u00e0 Faculdade de Lingu\u00edstica, Letras e Artes (FALLA) da Universidade Estadual da Para\u00edba (Campus I\u2013 Campina Grande) \u00e9 ofertado nos turnos Integral e Noturno com dura\u00e7\u00e3o entre 4 a 5 anos com turmas iniciais de 40 alunos por turno, \u00e9 projetado para formar <a class=\"leiamais\" href=\"https:\/\/faculdades.uepb.edu.br\/falla\/graduacao\/\">Leia Mais&#8230;<\/a><\/p>\n","protected":false},"author":1,"featured_media":0,"parent":0,"menu_order":0,"comment_status":"closed","ping_status":"closed","template":"","meta":{"footnotes":""},"class_list":["post-17","page","type-page","status-publish","hentry"],"_links":{"self":[{"href":"https:\/\/faculdades.uepb.edu.br\/falla\/wp-json\/wp\/v2\/pages\/17","targetHints":{"allow":["GET"]}}],"collection":[{"href":"https:\/\/faculdades.uepb.edu.br\/falla\/wp-json\/wp\/v2\/pages"}],"about":[{"href":"https:\/\/faculdades.uepb.edu.br\/falla\/wp-json\/wp\/v2\/types\/page"}],"author":[{"embeddable":true,"href":"https:\/\/faculdades.uepb.edu.br\/falla\/wp-json\/wp\/v2\/users\/1"}],"replies":[{"embeddable":true,"href":"https:\/\/faculdades.uepb.edu.br\/falla\/wp-json\/wp\/v2\/comments?post=17"}],"version-history":[{"count":5,"href":"https:\/\/faculdades.uepb.edu.br\/falla\/wp-json\/wp\/v2\/pages\/17\/revisions"}],"predecessor-version":[{"id":136,"href":"https:\/\/faculdades.uepb.edu.br\/falla\/wp-json\/wp\/v2\/pages\/17\/revisions\/136"}],"wp:attachment":[{"href":"https:\/\/faculdades.uepb.edu.br\/falla\/wp-json\/wp\/v2\/media?parent=17"}],"curies":[{"name":"wp","href":"https:\/\/api.w.org\/{rel}","templated":true}]}}