{"id":15,"date":"2024-09-12T11:32:39","date_gmt":"2024-09-12T14:32:39","guid":{"rendered":"https:\/\/faculdades.uepb.edu.br\/falla\/?page_id=15"},"modified":"2025-12-10T11:48:48","modified_gmt":"2025-12-10T14:48:48","slug":"equipe","status":"publish","type":"page","link":"https:\/\/faculdades.uepb.edu.br\/falla\/equipe\/","title":{"rendered":"Equipe"},"content":{"rendered":"<div class=\"wpb-content-wrapper\"><p>[vc_row][vc_column][vc_column_text css=&#8221;&#8221;]<\/p>\n<h2><strong>DIRE\u00c7\u00c3O<\/strong><\/h2>\n<p><strong>Email institucional: <\/strong>falla@setor.uepb.edu.br<\/p>\n<p><strong>Diretora:<\/strong>\u00a0Profa. Dra. Gilda Carneiro Neves Ribeiro;<br \/>\n<strong>E-mail:<\/strong> gildadla@servidor.uepb.edu.br.<\/p>\n<p><strong>Diretor Adjunto:<\/strong> Prof. Dr. Edson Tavares Costa<br \/>\n<strong>E-mail<\/strong>: edsontavares@servidor.uepb.edu.br<\/p>\n<p><strong>SECRET\u00c1RIOS:<\/strong><\/p>\n<p>Felipe Pereira Rodrigues &#8211; <strong>E-mail<\/strong>: felipe@servidor.uepb.edu.br<br \/>\nKayky Barbosa Barros &#8211; <strong>E-mail<\/strong>: kayky.barros@servidor.uepb.edu.br<br \/>\nYohanna Let\u00edcia Al\u00edpio de Sousa &#8211; <strong>E-mail<\/strong>: yohanna.sousa@servidor.uepb.edu.br<\/p>\n<p>&nbsp;<\/p>\n<h2><strong>COORDENA\u00c7\u00d5ES DOS CURSOS DE GRADUA\u00c7\u00c3O:<\/strong><\/h2>\n<p>&nbsp;<\/p>\n<h3><strong>LETRAS\/PORTUGU\u00caS:<\/strong><\/h3>\n<p><strong>Email institucional: <\/strong>coord.letrasportugues.falla@setor.uepb.edu.br<\/p>\n<p><strong>Coordenador<\/strong>: Prof. Dr. Rinaldo Jos\u00e9 de Andrade Brand\u00e3o<br \/>\nE-mail: rinaldo671980@servidor.uepb.edu.br<br \/>\n<strong>Coordenadora Adjunta:<\/strong> Prof\u00aa. Dr\u00aa. Danielly Vieira In\u00f4<br \/>\nE-mail: daniellyino@servidor.uepb.edu.br<\/p>\n<p><strong>Secret\u00e1rios:\u00a0<\/strong><\/p>\n<p>F\u00falvio Rodrigo Ferreira &#8211; E-mail: fulviocgpb@servidor.uepb.edu.br<br \/>\nAriane Vit\u00f3ria Paulino de Medeiros &#8211; E-mail:\u00a0 ariane.paulino@servidor.uepb.edu.br<\/p>\n<p>&nbsp;<\/p>\n<h3><strong>LETRAS\/INGL\u00caS:<\/strong><\/h3>\n<p><strong>Email institucional: <\/strong>coord.letrasingles.falla@setor.uepb.edu.br<\/p>\n<p><strong>Coordenador<\/strong><strong>:<\/strong> Prof. Me. Pedro Paulo Nunes da Silva.<br \/>\nE-mail: silva.pedro@servidor.uepb.edu.br<br \/>\n<strong>Coordenadora Adjunta:<\/strong> Prof\u00aa. M\u00aa. Isabela Christina do Nascimento Sousa.<br \/>\nE-mail: isabela.sousa@servidor.uepb.edu.br<\/p>\n<p><strong>Secret\u00e1rio: <\/strong>Rayff Augusto Batista &#8211; E-mail: rayff.augusto@servidor.uepb.edu.br<\/p>\n<p>&nbsp;<\/p>\n<h3><strong>LETRAS\/ESPANHOL:<\/strong><\/h3>\n<p><strong>Email institucional: <\/strong>coord.letrasespanhol.falla@setor.uepb.edu.br<\/p>\n<p><strong>Coordenador:<\/strong> Prof. Dr. Alessandro Giordano.<br \/>\nE-mail: alessandro@servidor.uepb.edu.br<br \/>\n<strong>Coordenador Adjunto:<\/strong> Prof. Dr. Jos\u00e9 Dantas da Silva J\u00fanior.<br \/>\nE-mail: jose.junior@servidor.uepb.edu.br<\/p>\n<p><strong>Secret\u00e1ria:<\/strong> Fl\u00e1via da Silva Gangorra Vilar &#8211; E-mail: flavia.vilar@servidor.uepb.edu.br<\/p>\n<p>&nbsp;<\/p>\n<h2>COORDENA\u00c7\u00c3O DOS CURSOS DE P\u00d3S-GRADUA\u00c7\u00c3O STRICTO SENSU:<\/h2>\n<p>&nbsp;<\/p>\n<h3><strong>PROGRAMA DE P\u00d3S-GRADUA\u00c7\u00c3O EM LITERATURA E INTERCULTURALIDADE &#8211; PPGLI (Cursos de Mestrado e Doutorado)<\/strong><\/h3>\n<p><strong>E-mail institucional:<\/strong> ppgli.uepb@gmail.com e ppgli@setor.uepb.edu.br<\/p>\n<p><strong>Coordenador:<\/strong> Prof. Dr. Wanderlan da Silva Alves<br \/>\nE-mail: wanderlan.alves@servidor.uepb.edu.br<br \/>\n<strong>Coordenadora Adjunta:<\/strong> Prof\u00aa. Dr\u00aa. Maria Simone Marinho Nogueira<br \/>\nE-mail: marianogueira@servidor.uepb.edu.br<\/p>\n<p><strong>Secret\u00e1ria:<\/strong> J\u00e9ssica Helena Silva S\u00e1 Santos. E-mail: jessica.helena@servidor.uepb.edu.br[\/vc_column_text][\/vc_column][\/vc_row]<\/p>\n<\/div>","protected":false},"excerpt":{"rendered":"<p>[vc_row][vc_column][vc_column_text css=&#8221;&#8221;] DIRE\u00c7\u00c3O Email institucional: falla@setor.uepb.edu.br Diretora:\u00a0Profa. Dra. Gilda Carneiro Neves Ribeiro; E-mail: gildadla@servidor.uepb.edu.br. Diretor Adjunto: Prof. Dr. Edson Tavares Costa E-mail: edsontavares@servidor.uepb.edu.br SECRET\u00c1RIOS: Felipe Pereira Rodrigues &#8211; E-mail: felipe@servidor.uepb.edu.br Kayky Barbosa Barros &#8211; E-mail: kayky.barros@servidor.uepb.edu.br Yohanna Let\u00edcia Al\u00edpio de Sousa &#8211; E-mail: yohanna.sousa@servidor.uepb.edu.br &nbsp; COORDENA\u00c7\u00d5ES DOS CURSOS DE GRADUA\u00c7\u00c3O: &nbsp; LETRAS\/PORTUGU\u00caS: Email institucional: coord.letrasportugues.falla@setor.uepb.edu.br <a class=\"leiamais\" href=\"https:\/\/faculdades.uepb.edu.br\/falla\/equipe\/\">Leia Mais&#8230;<\/a><\/p>\n","protected":false},"author":1,"featured_media":0,"parent":0,"menu_order":0,"comment_status":"closed","ping_status":"closed","template":"","meta":{"footnotes":""},"class_list":["post-15","page","type-page","status-publish","hentry"],"_links":{"self":[{"href":"https:\/\/faculdades.uepb.edu.br\/falla\/wp-json\/wp\/v2\/pages\/15","targetHints":{"allow":["GET"]}}],"collection":[{"href":"https:\/\/faculdades.uepb.edu.br\/falla\/wp-json\/wp\/v2\/pages"}],"about":[{"href":"https:\/\/faculdades.uepb.edu.br\/falla\/wp-json\/wp\/v2\/types\/page"}],"author":[{"embeddable":true,"href":"https:\/\/faculdades.uepb.edu.br\/falla\/wp-json\/wp\/v2\/users\/1"}],"replies":[{"embeddable":true,"href":"https:\/\/faculdades.uepb.edu.br\/falla\/wp-json\/wp\/v2\/comments?post=15"}],"version-history":[{"count":6,"href":"https:\/\/faculdades.uepb.edu.br\/falla\/wp-json\/wp\/v2\/pages\/15\/revisions"}],"predecessor-version":[{"id":200,"href":"https:\/\/faculdades.uepb.edu.br\/falla\/wp-json\/wp\/v2\/pages\/15\/revisions\/200"}],"wp:attachment":[{"href":"https:\/\/faculdades.uepb.edu.br\/falla\/wp-json\/wp\/v2\/media?parent=15"}],"curies":[{"name":"wp","href":"https:\/\/api.w.org\/{rel}","templated":true}]}}