{"id":13,"date":"2024-09-12T11:32:30","date_gmt":"2024-09-12T14:32:30","guid":{"rendered":"https:\/\/faculdades.uepb.edu.br\/falla\/?page_id=13"},"modified":"2024-12-06T12:19:24","modified_gmt":"2024-12-06T15:19:24","slug":"apresentacao","status":"publish","type":"page","link":"https:\/\/faculdades.uepb.edu.br\/falla\/apresentacao\/","title":{"rendered":"Apresenta\u00e7\u00e3o"},"content":{"rendered":"<div class=\"wpb-content-wrapper\"><p>[vc_row][vc_column][vc_column_text css=&#8221;&#8221;]<\/p>\n<p align=\"justify\">A Faculdade de Lingu\u00edstica, Letras e Artes &#8211; FALLA, da Universidade Estadual da Para\u00edba (Campus I), \u00e9 o \u00f3rg\u00e3o respons\u00e1vel pela gest\u00e3o dos cursos de Gradua\u00e7\u00e3o em Letras\/Espanhol, Letras\/Ingl\u00eas e Letras\/Portugu\u00eas, al\u00e9m do Programa de P\u00f3s-Gradua\u00e7\u00e3o em Literatura e Interculturalidade (PPGLI).<br \/>\nA FALLA \u00e9 composta por Diretor(a), Diretor(a) Adjunto(a), Secret\u00e1rios e Coordena\u00e7\u00f5es dos cursos de Letras e P\u00f3s Gradua\u00e7\u00e3o stricto sensu regidos pela RESOLU\u00c7\u00c3O\/UEPB\/CONSUNI\/005\/2024; Estatuto da UEPB PORTARIA\u2013 GR 0441\/2017, Regimento Interno da FALLA, e Regimento Geral da UEPB.<br \/>\nA Dire\u00e7\u00e3o da FALLA est\u00e1 localizada na rua Domitila Cabral de Castro, s\/n, Central Acad\u00eamica de Aulas Paulo Freire- CAPF, 3\u00ba andar, sala 315.<\/p>\n<p align=\"justify\">Telefone e Whatsapp<strong> (83)3344-5320<\/strong>.<\/p>\n<p align=\"justify\">Instagram: <strong>@fallauepb<\/strong><\/p>\n<p align=\"justify\">Siga a nossa Rede Social e site da FALLA para estar sempre informado dos servi\u00e7os que oferecemos \u00e0 comunidade acad\u00eamica e extra muros: Extens\u00e3o e Profici\u00eancia.<\/p>\n<p>[\/vc_column_text][\/vc_column][\/vc_row]<\/p>\n<\/div>","protected":false},"excerpt":{"rendered":"<p>[vc_row][vc_column][vc_column_text css=&#8221;&#8221;] A Faculdade de Lingu\u00edstica, Letras e Artes &#8211; FALLA, da Universidade Estadual da Para\u00edba (Campus I), \u00e9 o \u00f3rg\u00e3o respons\u00e1vel pela gest\u00e3o dos cursos de Gradua\u00e7\u00e3o em Letras\/Espanhol, Letras\/Ingl\u00eas e Letras\/Portugu\u00eas, al\u00e9m do Programa de P\u00f3s-Gradua\u00e7\u00e3o em Literatura e Interculturalidade (PPGLI). A FALLA \u00e9 composta por Diretor(a), Diretor(a) Adjunto(a), Secret\u00e1rios e Coordena\u00e7\u00f5es dos <a class=\"leiamais\" href=\"https:\/\/faculdades.uepb.edu.br\/falla\/apresentacao\/\">Leia Mais&#8230;<\/a><\/p>\n","protected":false},"author":1,"featured_media":0,"parent":0,"menu_order":0,"comment_status":"closed","ping_status":"closed","template":"","meta":{"footnotes":""},"class_list":["post-13","page","type-page","status-publish","hentry"],"_links":{"self":[{"href":"https:\/\/faculdades.uepb.edu.br\/falla\/wp-json\/wp\/v2\/pages\/13","targetHints":{"allow":["GET"]}}],"collection":[{"href":"https:\/\/faculdades.uepb.edu.br\/falla\/wp-json\/wp\/v2\/pages"}],"about":[{"href":"https:\/\/faculdades.uepb.edu.br\/falla\/wp-json\/wp\/v2\/types\/page"}],"author":[{"embeddable":true,"href":"https:\/\/faculdades.uepb.edu.br\/falla\/wp-json\/wp\/v2\/users\/1"}],"replies":[{"embeddable":true,"href":"https:\/\/faculdades.uepb.edu.br\/falla\/wp-json\/wp\/v2\/comments?post=13"}],"version-history":[{"count":10,"href":"https:\/\/faculdades.uepb.edu.br\/falla\/wp-json\/wp\/v2\/pages\/13\/revisions"}],"predecessor-version":[{"id":147,"href":"https:\/\/faculdades.uepb.edu.br\/falla\/wp-json\/wp\/v2\/pages\/13\/revisions\/147"}],"wp:attachment":[{"href":"https:\/\/faculdades.uepb.edu.br\/falla\/wp-json\/wp\/v2\/media?parent=13"}],"curies":[{"name":"wp","href":"https:\/\/api.w.org\/{rel}","templated":true}]}}